
{"id":3961,"date":"2025-12-15T19:11:02","date_gmt":"2025-12-15T17:11:02","guid":{"rendered":"https:\/\/prio1.codes\/?page_id=3961"},"modified":"2025-12-16T00:35:30","modified_gmt":"2025-12-15T22:35:30","slug":"cookie-policy","status":"publish","type":"page","link":"https:\/\/prio1.codes\/fi\/cookie-policy\/","title":{"rendered":"Ev\u00e4stek\u00e4yt\u00e4nt\u00f6"},"content":{"rendered":"<div data-elementor-type=\"wp-page\" data-elementor-id=\"3961\" class=\"elementor elementor-3961\" data-elementor-post-type=\"page\">\n\t\t\t\t<div class=\"elementor-element elementor-element-5d66f66 e-flex e-con-boxed sc_layouts_column_icons_position_left e-con e-parent\" data-id=\"5d66f66\" data-element_type=\"container\">\n\t\t\t\t\t<div class=\"e-con-inner\">\n\t\t\t\t\t<\/div>\n\t\t\t\t<\/div>\n\t\t<div class=\"e-con-with-custom-width elementor-element elementor-element-527685e e-flex e-con-boxed sc_layouts_column_icons_position_left e-con e-parent\" data-id=\"527685e\" data-element_type=\"container\">\n\t\t\t\t\t<div class=\"e-con-inner\">\n\t\t\t\t<div class=\"elementor-element elementor-element-7c1e99d sc_fly_static elementor-widget elementor-widget-text-editor\" data-id=\"7c1e99d\" data-element_type=\"widget\" data-widget_type=\"text-editor.default\">\n\t\t\t\t<div class=\"elementor-widget-container\">\n\t\t\t\t\t\t\t\t\t<p data-start=\"18\" data-end=\"49\">P\u00e4ivitetty: 15.12.2025<\/p><p data-start=\"51\" data-end=\"177\">T\u00e4ss\u00e4 ev\u00e4stek\u00e4yt\u00e4nn\u00f6ss\u00e4 kerromme, mit\u00e4 ev\u00e4steet ovat, mihin niit\u00e4 k\u00e4ytet\u00e4\u00e4n t\u00e4ll\u00e4 verkkosivustolla ja miten voit hallita ev\u00e4steasetuksia.<\/p><h3 data-start=\"180\" data-end=\"193\">Rekisterinpit\u00e4j\u00e4<\/h3><p data-start=\"195\" data-end=\"355\">Prio1 Oy<br data-start=\"203\" data-end=\"206\" \/>Y-tunnus: 2211129-7<br data-start=\"228\" data-end=\"231\" \/>Kyt\u00e4j\u00e4rvenkaari 20, 05720 Hyvink\u00e4\u00e4<br data-start=\"274\" data-end=\"277\" \/>S\u00e4hk\u00f6posti: <a class=\"decorated-link cursor-pointer\" rel=\"noopener\" data-start=\"284\" data-end=\"298\">team@prio1.com<\/a><br data-start=\"298\" data-end=\"301\" \/>Puhelin: +358 400 400 510<br data-start=\"324\" data-end=\"327\" \/>Verkkosivusto: <a class=\"decorated-link\" href=\"https:\/\/prio1.codes\/fi\/\" target=\"_new\" rel=\"noopener\" data-start=\"336\" data-end=\"355\">https:\/\/prio1.codes<\/a><\/p><h3 data-start=\"358\" data-end=\"377\">Mit\u00e4 ev\u00e4steet ovat<\/h3><p data-start=\"379\" data-end=\"683\">Ev\u00e4ste on pieni tekstitiedosto, joka tallennetaan laitteellesi, kun vierailet verkkosivustolla. Ev\u00e4steiden avulla sivusto voi muistaa esimerkiksi valintasi tai tunnistaa selaimesi my\u00f6hemmill\u00e4 k\u00e4ynneill\u00e4. Sivustolla voidaan k\u00e4ytt\u00e4\u00e4 my\u00f6s vastaavia teknologioita, kuten paikallista tallennustilaa ja seuranta pikseleit\u00e4. T\u00e4ss\u00e4 k\u00e4yt\u00e4nn\u00f6ss\u00e4 k\u00e4yt\u00e4mme n\u00e4ist\u00e4 yleisnimityst\u00e4 ev\u00e4steet.<\/p><h3 data-start=\"686\" data-end=\"707\">Mihin ev\u00e4steit\u00e4 k\u00e4ytet\u00e4\u00e4n<\/h3><p data-start=\"709\" data-end=\"751\">K\u00e4yt\u00e4mme ev\u00e4steit\u00e4 seuraaviin tarkoituksiin.<\/p><h4>1. V\u00e4ltt\u00e4m\u00e4tt\u00f6m\u00e4t ev\u00e4steet<\/h4><p data-start=\"778\" data-end=\"992\">N\u00e4m\u00e4 ovat sivuston toiminnan kannalta tarpeellisia. Niill\u00e4 mahdollistetaan esimerkiksi sivulla siirtyminen, sivuston perustoiminnot ja sivuston suojaus. Ilman n\u00e4it\u00e4 ev\u00e4steit\u00e4 sivusto ei toimi oikein.<\/p><h4 data-start=\"994\" data-end=\"1019\">2. Asetusev\u00e4steet<\/h4><p data-start=\"1020\" data-end=\"1158\">N\u00e4ill\u00e4 muistetaan tekem\u00e4si valinnat, kuten ev\u00e4steasetukset. Ev\u00e4steasetusten valinta voidaan tallentaa ev\u00e4steeseen, jotta valinta s\u00e4ilyy seuraavilla k\u00e4ynneill\u00e4.<\/p><h4 data-start=\"1160\" data-end=\"1184\">3. Analytiikkaev\u00e4steet<\/h4><p data-start=\"1185\" data-end=\"1381\">N\u00e4ill\u00e4 ker\u00e4t\u00e4\u00e4n tietoa siit\u00e4, miten sivustoa k\u00e4ytet\u00e4\u00e4n, jotta voimme parantaa sis\u00e4lt\u00f6\u00e4 ja toimivuutta. Tieto ker\u00e4t\u00e4\u00e4n mahdollisuuksien mukaan anonymisoidusti tai pseudonymisoidusti palvelusta riippuen.<\/p><h4 data-start=\"1383\" data-end=\"1407\">4. Markkinointiev\u00e4steet<\/h4><p data-start=\"1408\" data-end=\"1591\">N\u00e4ill\u00e4 voidaan mitata mainonnan toimivuutta ja kohdentaa markkinointia. Luvallasi hy\u00f6dynn\u00e4mme ev\u00e4steit\u00e4 markkinoinnin kohdentamiseen Metan sek\u00e4 Googlen tarjoamilla alustoilla.<\/p><h3 data-start=\"1594\" data-end=\"1626\">Ev\u00e4steiden k\u00e4yt\u00f6n peruste<\/h3><p data-start=\"1628\" data-end=\"1735\">V\u00e4ltt\u00e4m\u00e4tt\u00f6mi\u00e4 ev\u00e4steit\u00e4 k\u00e4ytet\u00e4\u00e4n, koska ne ovat tarpeen sivuston toiminnan varmistamiseksi.<\/p><p data-start=\"1737\" data-end=\"1875\">Analytiikka ja markkinointiev\u00e4steit\u00e4 k\u00e4ytet\u00e4\u00e4n vain suostumuksellasi. Voit antaa suostumuksen tai perua sen milloin tahansa ev\u00e4steasetuksista.<\/p><h3 data-start=\"1878\" data-end=\"1913\">Ev\u00e4steasetusten hallinta<\/h3><p data-start=\"1915\" data-end=\"1960\">Voit hallita ev\u00e4steit\u00e4 seuraavilla tavoilla.<\/p><ol data-start=\"1962\" data-end=\"2188\"><li data-start=\"1962\" data-end=\"2056\"><p data-start=\"1965\" data-end=\"2056\">Ev\u00e4steasetukset sivustolla: voit hyv\u00e4ksy\u00e4 tai hyl\u00e4t\u00e4 analytiikka ja markkinointiev\u00e4steet.<\/p><\/li><li data-start=\"2057\" data-end=\"2188\"><p data-start=\"2060\" data-end=\"2188\">Selaimen asetukset: voit est\u00e4\u00e4 ev\u00e4steit\u00e4 tai poistaa ne selaimesi asetuksista. Huomaa, ett\u00e4 t\u00e4m\u00e4 voi heikent\u00e4\u00e4 sivuston toimivuutta.<\/p><\/li><\/ol><p data-start=\"2190\" data-end=\"2331\">Kun perut suostumuksen, ei v\u00e4ltt\u00e4m\u00e4tt\u00f6mi\u00e4 ev\u00e4steit\u00e4 lukuun ottamatta uusia ev\u00e4steit\u00e4 aseteta. Voit halutessasi poistaa aiemmin tallentuneet ev\u00e4steet selaimesi asetuksista.<\/p><h3 data-start=\"2334\" data-end=\"2357\">Mahdolliset kolmannet osapuolet<\/h3><p data-start=\"2359\" data-end=\"2505\">Analytiikka ja markkinointi voivat perustua kolmansien osapuolten palveluihin. T\u00e4ll\u00f6in my\u00f6s kyseinen palveluntarjoaja voi asettaa ev\u00e4steit\u00e4 ja k\u00e4sitell\u00e4 tietoja omien ehtojensa mukaisesti.<\/p><p data-start=\"2507\" data-end=\"2668\">Tyypillisi\u00e4 palveluita ovat esimerkiksi Googlen analytiikka ja mainonnan ty\u00f6kalut sek\u00e4 Metan mainonnan ty\u00f6kalut. K\u00e4yt\u00f6ss\u00e4 olevat palvelut voivat muuttua, ja pid\u00e4mme t\u00e4m\u00e4n sivun ajan tasalla.<\/p><h3 data-start=\"2671\" data-end=\"2690\">Ev\u00e4steiden s\u00e4ilytysajat<\/h3><p data-start=\"2692\" data-end=\"2752\">Ev\u00e4ste voi olla istuntokohtainen tai pysyv\u00e4.<\/p><ol data-start=\"2754\" data-end=\"2897\"><li data-start=\"2754\" data-end=\"2815\"><p data-start=\"2757\" data-end=\"2815\">Istuntokohtainen ev\u00e4ste poistuu, kun suljet selaimen.<\/p><\/li><li data-start=\"2816\" data-end=\"2897\"><p data-start=\"2819\" data-end=\"2897\">Pysyv\u00e4 ev\u00e4ste s\u00e4ilyy laitteellasi, kunnes se vanhenee tai poistat sen.<\/p><\/li><\/ol><p data-start=\"2899\" data-end=\"3037\">Tarkat s\u00e4ilytysajat riippuvat k\u00e4ytetyist\u00e4 palveluista ja asetuksista. Voit tarkistaa laitteellesi tallentuneet ev\u00e4steet selaimesi asetuksista.<\/p><h3 data-start=\"3040\" data-end=\"3092\">Henkil\u00f6tiedot ja siirrot EU alueen ulkopuolelle<\/h3><p data-start=\"3094\" data-end=\"3401\">Ev\u00e4steisiin liittyen voidaan k\u00e4sitell\u00e4 esimerkiksi laite ja selain tietoja, tunnisteita sek\u00e4 IP osoitetta. Jos k\u00e4yt\u00f6ss\u00e4 olevat analytiikka tai markkinointipalvelut k\u00e4sittelev\u00e4t tietoja EU ja ETA alueen ulkopuolella, siirrot toteutetaan soveltuvien siirtoperusteiden mukaisesti, kuten vakiosopimuslausekkeilla ja tarvittaessa lis\u00e4suojatoimilla.<\/p><h3 data-start=\"3404\" data-end=\"3438\">Yhteydenottolomake ja markkinointirekisteri<\/h3><p data-start=\"3440\" data-end=\"3516\">Sivustolla ei ole k\u00e4ytt\u00e4jien kirjautumista eik\u00e4 varsinaista k\u00e4ytt\u00e4j\u00e4rekisteri\u00e4.<\/p><p data-start=\"3518\" data-end=\"3690\">Ainoa kohta, jossa pyyd\u00e4mme k\u00e4ytt\u00e4j\u00e4n tietoja, on yhteydenottolomake. Lomakkeella annettuja tietoja k\u00e4ytet\u00e4\u00e4n vain yhteydenottoon ja asian k\u00e4sittelyyn.<\/p><p data-start=\"3692\" data-end=\"3848\">Lis\u00e4ksi yll\u00e4pid\u00e4mme markkinointiautomaatiota varten markkinointirekisteri\u00e4. Markkinointirekisterist\u00e4 voi irtisanoutua l\u00e4hett\u00e4m\u00e4ll\u00e4 siit\u00e4 viestin osoitteeseen team@prio1.com\n. <a class=\"decorated-link cursor-pointer\" rel=\"noopener\" data-start=\"3833\" data-end=\"3847\">team@prio1.com<\/a>.<\/p><h3 data-start=\"3851\" data-end=\"3865\">Rekister\u00f6idyn oikeudet<\/h3><p data-start=\"3867\" data-end=\"3932\">Soveltuvan lains\u00e4\u00e4d\u00e4nn\u00f6n mukaan sinulla voi olla oikeus:<\/p><ol data-start=\"3933\" data-end=\"4233\"><li data-start=\"3933\" data-end=\"3963\"><p data-start=\"3936\" data-end=\"3963\">saada p\u00e4\u00e4sy sinua koskeviin tietoihin<\/p><\/li><li data-start=\"3964\" data-end=\"3992\"><p data-start=\"3967\" data-end=\"3992\">oikaista virheelliset tiedot<\/p><\/li><li data-start=\"3993\" data-end=\"4030\"><p data-start=\"3996\" data-end=\"4030\">poistaa tietoja tietyiss\u00e4 tilanteissa<\/p><\/li><li data-start=\"4031\" data-end=\"4077\"><p data-start=\"4034\" data-end=\"4077\">rajoittaa k\u00e4sittely\u00e4 tietyiss\u00e4 tilanteissa<\/p><\/li><li data-start=\"4078\" data-end=\"4125\"><p data-start=\"4081\" data-end=\"4125\">vastustaa k\u00e4sittely\u00e4 tietyiss\u00e4 tilanteissa<\/p><\/li><li data-start=\"4126\" data-end=\"4164\"><p data-start=\"4129\" data-end=\"4164\">siirt\u00e4\u00e4 tiedot j\u00e4rjestelm\u00e4st\u00e4 toiseen, kun soveltuu<\/p><\/li><li data-start=\"4165\" data-end=\"4233\"><p data-start=\"4168\" data-end=\"4233\">peruuttaa suostumus milloin tahansa, kun k\u00e4sittely perustuu suostumukseen<\/p><\/li><\/ol><p data-start=\"4235\" data-end=\"4283\">Oikeuksien k\u00e4ytt\u00e4miseksi ota yhteytt\u00e4 osoitteeseen team@prio1.com . <a class=\"decorated-link cursor-pointer\" rel=\"noopener\" data-start=\"4268\" data-end=\"4282\">team@prio1.com<\/a>.<\/p><h3 data-start=\"4286\" data-end=\"4299\">Valitus viranomaiselle<\/h3><p data-start=\"4301\" data-end=\"4517\">Jos katsot, ett\u00e4 henkil\u00f6tietojasi k\u00e4sitell\u00e4\u00e4n lainvastaisesti, sinulla on oikeus tehd\u00e4 valitus valvontaviranomaiselle. Suomessa valvontaviranomainen on tietosuojavaltuutetun toimisto.<\/p><h3 data-start=\"4520\" data-end=\"4552\">Muutokset t\u00e4h\u00e4n ev\u00e4stek\u00e4yt\u00e4nt\u00f6\u00f6n<\/h3><p data-start=\"4554\" data-end=\"4690\">Voimme p\u00e4ivitt\u00e4\u00e4 t\u00e4t\u00e4 ev\u00e4stek\u00e4yt\u00e4nt\u00f6\u00e4 esimerkiksi palveluiden muutosten vuoksi. Ajantasainen versio on aina saatavilla t\u00e4ll\u00e4 sivulla.<\/p>\t\t\t\t\t\t\t\t<\/div>\n\t\t\t\t<\/div>\n\t\t\t\t\t<\/div>\n\t\t\t\t<\/div>\n\t\t\t\t<\/div>","protected":false},"excerpt":{"rendered":"<p>Last updated: December 15, 2025 This Cookie Policy explains what cookies are, how&hellip;<\/p>","protected":false},"author":1,"featured_media":0,"parent":0,"menu_order":0,"comment_status":"closed","ping_status":"closed","template":"","meta":{"_acf_changed":false,"_seopress_robots_primary_cat":"","_seopress_titles_title":"","_seopress_titles_desc":"","_seopress_robots_index":"","footnotes":""},"class_list":["post-3961","page","type-page","status-publish","hentry"],"acf":[],"_links":{"self":[{"href":"https:\/\/prio1.codes\/fi\/wp-json\/wp\/v2\/pages\/3961","targetHints":{"allow":["GET"]}}],"collection":[{"href":"https:\/\/prio1.codes\/fi\/wp-json\/wp\/v2\/pages"}],"about":[{"href":"https:\/\/prio1.codes\/fi\/wp-json\/wp\/v2\/types\/page"}],"author":[{"embeddable":true,"href":"https:\/\/prio1.codes\/fi\/wp-json\/wp\/v2\/users\/1"}],"replies":[{"embeddable":true,"href":"https:\/\/prio1.codes\/fi\/wp-json\/wp\/v2\/comments?post=3961"}],"version-history":[{"count":32,"href":"https:\/\/prio1.codes\/fi\/wp-json\/wp\/v2\/pages\/3961\/revisions"}],"predecessor-version":[{"id":4009,"href":"https:\/\/prio1.codes\/fi\/wp-json\/wp\/v2\/pages\/3961\/revisions\/4009"}],"wp:attachment":[{"href":"https:\/\/prio1.codes\/fi\/wp-json\/wp\/v2\/media?parent=3961"}],"curies":[{"name":"wp","href":"https:\/\/api.w.org\/{rel}","templated":true}]}}